{"id":20,"date":"2025-05-19T14:25:10","date_gmt":"2025-05-19T14:25:10","guid":{"rendered":"https:\/\/vilamoli.com\/?page_id=20"},"modified":"2025-05-19T14:54:19","modified_gmt":"2025-05-19T14:54:19","slug":"horario-atencion","status":"publish","type":"page","link":"https:\/\/vilamoli.com\/index.php\/horario-atencion\/","title":{"rendered":"Horario atenci\u00f3n"},"content":{"rendered":"\t\t<div data-elementor-type=\"wp-page\" data-elementor-id=\"20\" class=\"elementor elementor-20\">\n\t\t\t\t<div class=\"elementor-element elementor-element-76fa5df e-flex e-con-boxed e-con e-parent\" data-id=\"76fa5df\" data-element_type=\"container\">\n\t\t\t\t\t<div class=\"e-con-inner\">\n\t\t\t\t<div class=\"elementor-element elementor-element-afc23ae elementor-widget elementor-widget-text-editor\" data-id=\"afc23ae\" data-element_type=\"widget\" data-widget_type=\"text-editor.default\">\n\t\t\t\t<div class=\"elementor-widget-container\">\n\t\t\t\t\t\t\t\t\t<h5 style=\"text-align: center;\">Horario de atenci\u00f3n al p\u00fablico<\/h5><h5 style=\"text-align: center;\"><span style=\"color: #008000;\">Lunes: 17:30 &#8211; 20:00<\/span><\/h5><h5 style=\"text-align: center;\"><span style=\"color: #008000;\">Martes: 17:30 &#8211; 20:00<\/span><\/h5><h5 style=\"text-align: center;\"><span style=\"color: #008000;\">Mi\u00e9rcoles: 17:30 &#8211; 20:00<\/span><\/h5><h5 style=\"text-align: center;\"><span style=\"color: #008000;\">Jueves: 17:30 &#8211; 20:00<\/span><\/h5><h5 style=\"text-align: center;\"><span style=\"color: #008000;\">Viernes:\u00a0 17:30 &#8211; 20:00<\/span><\/h5><h5 style=\"text-align: center;\"><span style=\"color: #008000;\">S\u00e1bados: 09:00 &#8211; 13:30<\/span><\/h5><p style=\"text-align: center;\"><br \/><span style=\"color: #ff0000;\"><strong>Domingos: Cerrado<\/strong><\/span><\/p>\t\t\t\t\t\t\t\t<\/div>\n\t\t\t\t<\/div>\n\t\t\t\t\t<\/div>\n\t\t\t\t<\/div>\n\t\t\t\t<\/div>\n\t\t","protected":false},"excerpt":{"rendered":"<p>Horario de atenci\u00f3n al p\u00fablico Lunes: 17:30 &#8211; 20:00 Martes: 17:30 &#8211; 20:00 Mi\u00e9rcoles: 17:30 &#8211; 20:00 Jueves: 17:30 &#8211; 20:00 Viernes:\u00a0 17:30 &#8211; 20:00 S\u00e1bados: 09:00 &#8211; 13:30 Domingos: Cerrado<\/p>\n","protected":false},"author":1,"featured_media":0,"parent":0,"menu_order":0,"comment_status":"closed","ping_status":"closed","template":"","meta":{"footnotes":""},"class_list":["post-20","page","type-page","status-publish","hentry"],"_links":{"self":[{"href":"https:\/\/vilamoli.com\/index.php\/wp-json\/wp\/v2\/pages\/20","targetHints":{"allow":["GET"]}}],"collection":[{"href":"https:\/\/vilamoli.com\/index.php\/wp-json\/wp\/v2\/pages"}],"about":[{"href":"https:\/\/vilamoli.com\/index.php\/wp-json\/wp\/v2\/types\/page"}],"author":[{"embeddable":true,"href":"https:\/\/vilamoli.com\/index.php\/wp-json\/wp\/v2\/users\/1"}],"replies":[{"embeddable":true,"href":"https:\/\/vilamoli.com\/index.php\/wp-json\/wp\/v2\/comments?post=20"}],"version-history":[{"count":7,"href":"https:\/\/vilamoli.com\/index.php\/wp-json\/wp\/v2\/pages\/20\/revisions"}],"predecessor-version":[{"id":52,"href":"https:\/\/vilamoli.com\/index.php\/wp-json\/wp\/v2\/pages\/20\/revisions\/52"}],"wp:attachment":[{"href":"https:\/\/vilamoli.com\/index.php\/wp-json\/wp\/v2\/media?parent=20"}],"curies":[{"name":"wp","href":"https:\/\/api.w.org\/{rel}","templated":true}]}}